{"id":21,"date":"2016-11-30T15:33:52","date_gmt":"2016-11-30T14:33:52","guid":{"rendered":"http:\/\/www.racunovodstvo-sefas.si\/?page_id=21"},"modified":"2022-10-04T14:35:55","modified_gmt":"2022-10-04T13:35:55","slug":"home","status":"publish","type":"page","link":"https:\/\/www.racunovodstvo-sefas.si\/","title":{"rendered":"Domov"},"content":{"rendered":"[vc_row][vc_column]<div class=\"hr_gap\" style=\"height:30px;\"><\/div>[\/vc_column][\/vc_row][vc_row][vc_column css_animation=&#8221;bounceIn&#8221;][\/vc_column][\/vc_row][vc_row css=&#8221;.vc_custom_1437059547048{padding-top: 30px !important;padding-bottom: 80px !important;}&#8221;][vc_column css_animation=&#8221;none&#8221; width=&#8221;1\/3&#8243;]<div class=\"true-image-box-2 tt_in_from_center box-1 fjAEOIBS\"><div class=\"true-img-wrap\"><img loading=\"lazy\" decoding=\"async\" width=\"1024\" height=\"683\" src=\"https:\/\/www.racunovodstvo-sefas.si\/wp-content\/uploads\/2016\/11\/3-1024x683.jpg\" class=\"attachment-large size-large\" alt=\"\" srcset=\"https:\/\/www.racunovodstvo-sefas.si\/wp-content\/uploads\/2016\/11\/3-1024x683.jpg 1024w, https:\/\/www.racunovodstvo-sefas.si\/wp-content\/uploads\/2016\/11\/3-600x400.jpg 600w, https:\/\/www.racunovodstvo-sefas.si\/wp-content\/uploads\/2016\/11\/3-300x200.jpg 300w, https:\/\/www.racunovodstvo-sefas.si\/wp-content\/uploads\/2016\/11\/3-768x512.jpg 768w\" sizes=\"auto, (max-width: 1024px) 100vw, 1024px\" \/><\/div><div class=\"true-text-wrap\"><span class=\"icon-circ-wrap\"><i class=\"true-custom-icon fa fa fa-envira\"><\/i><\/span><div class=\"callout-details-wrap\">\n<h2>Na\u0161e poslanstvo<\/h2>\n<p>Poslanstvo podjetja je z <strong>dolgoletnimi izku\u0161njami<\/strong>, stalnim izobra\u017eevanjem in prijaznostjo ter odgovornostjo z najsodobnej\u0161imi informacijskimi tehnologijami nuditi vrhunske <strong>ra\u010dunovodske storitve<\/strong><strong>, poslovno in dav\u010dno svetovanje.<\/strong><\/p>\n<p><img decoding=\"async\" src=\"https:\/\/www.racunovodstvo-sefas.si\/wp-content\/uploads\/2019\/10\/BonitetaLmala.png\" alt=\"Boniteta\" \/><\/p><\/div><\/div><\/div>[\/vc_column][vc_column width=&#8221;1\/3&#8243;]<div class=\"true-image-box-2 tt_in_from_center box-2 tnZeCkeY\"><div class=\"true-img-wrap\"><img loading=\"lazy\" decoding=\"async\" width=\"605\" height=\"403\" src=\"https:\/\/www.racunovodstvo-sefas.si\/wp-content\/uploads\/2016\/11\/manager.jpg\" class=\"attachment-large size-large\" alt=\"\" srcset=\"https:\/\/www.racunovodstvo-sefas.si\/wp-content\/uploads\/2016\/11\/manager.jpg 605w, https:\/\/www.racunovodstvo-sefas.si\/wp-content\/uploads\/2016\/11\/manager-600x400.jpg 600w, https:\/\/www.racunovodstvo-sefas.si\/wp-content\/uploads\/2016\/11\/manager-300x200.jpg 300w\" sizes=\"auto, (max-width: 605px) 100vw, 605px\" \/><\/div><div class=\"true-text-wrap\"><span class=\"icon-circ-wrap\"><i class=\"true-custom-icon fa fa fa-sign-language\"><\/i><\/span><div class=\"callout-details-wrap\">\n<h2>Na\u0161e prednosti<\/h2>\n<ul>\n<li>strokovno usposobljeni sodelavci<\/li>\n<li>prijaznost, pozitivnost osebja<\/li>\n<li>fleksibilnost<\/li>\n<li>pripravljenost, iskanje izivov<\/li>\n<li>stalne izbolj\u0161ave storitev<\/li>\n<li>timsko delo (maksimizacija u\u010dinkovitosti)<\/li>\n<li>cenovna konkuren\u010dnost storitev<\/li>\n<\/ul>\n<\/div><\/div><\/div>[\/vc_column][vc_column width=&#8221;1\/3&#8243;]<div class=\"true-image-box-2 tt_in_from_center box-3 tJIYgjhp\"><div class=\"true-img-wrap\"><img loading=\"lazy\" decoding=\"async\" width=\"426\" height=\"282\" src=\"https:\/\/www.racunovodstvo-sefas.si\/wp-content\/uploads\/2016\/11\/strategy.jpg\" class=\"attachment-large size-large\" alt=\"\" srcset=\"https:\/\/www.racunovodstvo-sefas.si\/wp-content\/uploads\/2016\/11\/strategy.jpg 426w, https:\/\/www.racunovodstvo-sefas.si\/wp-content\/uploads\/2016\/11\/strategy-350x232.jpg 350w, https:\/\/www.racunovodstvo-sefas.si\/wp-content\/uploads\/2016\/11\/strategy-300x199.jpg 300w\" sizes=\"auto, (max-width: 426px) 100vw, 426px\" \/><\/div><div class=\"true-text-wrap\"><span class=\"icon-circ-wrap\"><i class=\"true-custom-icon fa fa fa-american-sign-language-interpreting\"><\/i><\/span><div class=\"callout-details-wrap\">\n<h2>Strokovnost<\/h2>\n<p>Strokovno usposobljen kader zagotavlja ra\u010dunovodske storitve in dav\u010dno svetovanje v skladu z zakonodajo. Stranke se tako popolno posvetijo svoji glavni dejavnosti, mi pa vam zagotavljamo varne temelje, na katerih bo rastlo va\u0161e podjetje.<\/p><\/div><\/div><\/div>[\/vc_column][\/vc_row][vc_row][vc_column]<div class=\"true-heading-wrap irlPrgWi tt_animate_none \"><h3>Na\u0161e zveste stranke o nas<\/h3><\/div>[\/vc_column][\/vc_row][vc_row][vc_column]<div class=\"true-testimonial-wrapper tt_animate_none \"><div class=\"testimonials flexslider\"><ul class=\"slides\"><li><blockquote><p>V na\u0161em poslu je predvsem pomembna kakovost opravljenega dela, strokovnost in hitrost. Poslujemo v nacionalnem in mednarodnem okolju, kar zahteva posebna strokovna znanja kakor tudi obvladovanje tujih jezikov. Podjetje Sefas naloge sprejema kot izziv ter jih uspe\u0161no in u\u010dinkovito opravi. Na\u0161 partner je \u017ee ve\u010d let, kar se ne bo spremenilo.<\/p><\/blockquote><\/li><li><blockquote><p>V dana\u0161njem \u010dasu , ko je trg nasi\u010den z ra\u010dunovodskimi servisi, je te\u017eko najti zanesljivega. Veliko je na novo ustanovljenih s primanjkljajem znanja in izku\u0161enj, kar privede do marsikatere napake. Podjetje Sefas nam \u017ee ve\u010d let nudi vrhunske storitve. So zanesljivi, njihov individualen pristop pa omogo\u010da vrhunske storitve po na\u0161ih merah.<\/p><\/blockquote><\/li><\/ul><\/div><\/div><!-- END testimonials -->[\/vc_column][\/vc_row][vc_row][vc_column][vc_separator][\/vc_column][\/vc_row][vc_row][vc_column width=&#8221;1\/3&#8243;]<div class=\"true-icon-wrap tt_in_from_center  AIdlbeTZ\"><span class=\"fa fa fa-star true-icon\"><\/span><div class=\"true-icon-text\">\n<h4><strong>Oseben pristop<br \/>\n<\/strong><\/h4>\n<h5>Se vam je \u017ee zgodilo, da vam ra\u010dunovodski servisi niso znali prisluhniti? Zagotavljamo vam oseben pristop in storitve prilagojene va\u0161im potrebam!<\/h5>\n<\/div><\/div>[\/vc_column][vc_column width=&#8221;1\/3&#8243;]<div class=\"true-icon-wrap tt_in_from_center  KkKXdqYn\"><span class=\"fa fa fa-envira true-icon\"><\/span><div class=\"true-icon-text\">\n<h4><strong>Odgovornost<br \/>\n<\/strong><\/h4>\n<h5>Pri opravljanju storitev vam jam\u010dimo odgovorno in poglobljeno svetovanje in opravljanje ra\u010dunovodskih del.<\/h5>\n<\/div><\/div>[\/vc_column][vc_column width=&#8221;1\/3&#8243;]<div class=\"true-icon-wrap tt_in_from_top  EFZziIZS\"><span class=\"fa fa fa-user true-icon\"><\/span><div class=\"true-icon-text\">\n<h4><strong>Sodobne informacijske re\u0161itve<br \/>\n<\/strong><\/h4>\n<h5>Delo opravljamo s sodobnimi certificiranimi informacijskimi re\u0161itvami (SAOP), kar omogo\u010da zanesljivo in kvalitetno podporo. Ponudimo vam lahko na\u0161e informacijske re\u0161itve ali pa se prilagodimo va\u0161im obstoje\u010dim.<\/h5>\n<\/div><\/div>[\/vc_column][\/vc_row][vc_row][vc_column]<div class=\"true-heading-wrap KSDbFkqU tt_animate_none \"><h3>Nekateri poslovni partnerji, ki nam zaupajo<\/h3><\/div>[\/vc_column][\/vc_row][vc_row][vc_column width=&#8221;1\/4&#8243;][vc_single_image image=&#8221;361&#8243; img_size=&#8221;full&#8221;][vc_single_image image=&#8221;373&#8243; img_size=&#8221;full&#8221;][\/vc_column][vc_column width=&#8221;1\/4&#8243;][vc_single_image image=&#8221;366&#8243; img_size=&#8221;full&#8221;][vc_single_image image=&#8221;375&#8243; img_size=&#8221;full&#8221;][\/vc_column][vc_column width=&#8221;1\/4&#8243;][vc_single_image image=&#8221;368&#8243; img_size=&#8221;full&#8221;][vc_single_image image=&#8221;377&#8243; img_size=&#8221;full&#8221;][\/vc_column][vc_column width=&#8221;1\/4&#8243;][vc_single_image image=&#8221;370&#8243; img_size=&#8221;full&#8221;][vc_single_image image=&#8221;379&#8243; img_size=&#8221;full&#8221;][\/vc_column][\/vc_row]\n","protected":false},"excerpt":{"rendered":"<p>[vc_row][vc_column][\/vc_column][\/vc_row][vc_row][vc_column css_animation=&#8221;bounceIn&#8221;][\/vc_column][\/vc_row][vc_row css=&#8221;.vc_custom_1437059547048{padding-top: 30px !important;padding-bottom: 80px !important;}&#8221;][vc_column css_animation=&#8221;none&#8221; width=&#8221;1\/3&#8243;][\/vc_column][vc_column width=&#8221;1\/3&#8243;][\/vc_column][vc_column width=&#8221;1\/3&#8243;][\/vc_column][\/vc_row][vc_row][vc_column][\/vc_column][\/vc_row][vc_row][vc_column][\/vc_column][\/vc_row][vc_row][vc_column][vc_separator][\/vc_column][\/vc_row][vc_row][vc_column width=&#8221;1\/3&#8243;][\/vc_column][vc_column width=&#8221;1\/3&#8243;][\/vc_column][vc_column width=&#8221;1\/3&#8243;][\/vc_column][\/vc_row][vc_row][vc_column][\/vc_column][\/vc_row][vc_row][vc_column width=&#8221;1\/4&#8243;][vc_single_image image=&#8221;361&#8243; img_size=&#8221;full&#8221;][vc_single_image image=&#8221;373&#8243; img_size=&#8221;full&#8221;][\/vc_column][vc_column width=&#8221;1\/4&#8243;][vc_single_image image=&#8221;366&#8243; img_size=&#8221;full&#8221;][vc_single_image image=&#8221;375&#8243; img_size=&#8221;full&#8221;][\/vc_column][vc_column width=&#8221;1\/4&#8243;][vc_single_image image=&#8221;368&#8243; img_size=&#8221;full&#8221;][vc_single_image image=&#8221;377&#8243; img_size=&#8221;full&#8221;][\/vc_column][vc_column width=&#8221;1\/4&#8243;][vc_single_image image=&#8221;370&#8243; img_size=&#8221;full&#8221;][vc_single_image image=&#8221;379&#8243; img_size=&#8221;full&#8221;][\/vc_column][\/vc_row]<\/p>\n","protected":false},"author":1,"featured_media":0,"parent":0,"menu_order":0,"comment_status":"closed","ping_status":"closed","template":"template-page-builder.php","meta":{"_bbp_topic_count":0,"_bbp_reply_count":0,"_bbp_total_topic_count":0,"_bbp_total_reply_count":0,"_bbp_voice_count":0,"_bbp_anonymous_reply_count":0,"_bbp_topic_count_hidden":0,"_bbp_reply_count_hidden":0,"_bbp_forum_subforum_count":0,"footnotes":""},"class_list":["post-21","page","type-page","status-publish","hentry"],"aioseo_notices":[],"_links":{"self":[{"href":"https:\/\/www.racunovodstvo-sefas.si\/index.php?rest_route=\/wp\/v2\/pages\/21","targetHints":{"allow":["GET"]}}],"collection":[{"href":"https:\/\/www.racunovodstvo-sefas.si\/index.php?rest_route=\/wp\/v2\/pages"}],"about":[{"href":"https:\/\/www.racunovodstvo-sefas.si\/index.php?rest_route=\/wp\/v2\/types\/page"}],"author":[{"embeddable":true,"href":"https:\/\/www.racunovodstvo-sefas.si\/index.php?rest_route=\/wp\/v2\/users\/1"}],"replies":[{"embeddable":true,"href":"https:\/\/www.racunovodstvo-sefas.si\/index.php?rest_route=%2Fwp%2Fv2%2Fcomments&post=21"}],"version-history":[{"count":79,"href":"https:\/\/www.racunovodstvo-sefas.si\/index.php?rest_route=\/wp\/v2\/pages\/21\/revisions"}],"predecessor-version":[{"id":684,"href":"https:\/\/www.racunovodstvo-sefas.si\/index.php?rest_route=\/wp\/v2\/pages\/21\/revisions\/684"}],"wp:attachment":[{"href":"https:\/\/www.racunovodstvo-sefas.si\/index.php?rest_route=%2Fwp%2Fv2%2Fmedia&parent=21"}],"curies":[{"name":"wp","href":"https:\/\/api.w.org\/{rel}","templated":true}]}}