{"id":211,"date":"2016-12-15T09:31:14","date_gmt":"2016-12-15T08:31:14","guid":{"rendered":"http:\/\/www.racunovodstvo-sefas.si\/?page_id=211"},"modified":"2019-10-08T09:26:42","modified_gmt":"2019-10-08T08:26:42","slug":"o-nas","status":"publish","type":"page","link":"https:\/\/www.racunovodstvo-sefas.si\/?page_id=211","title":{"rendered":"O nas"},"content":{"rendered":"[vc_row][vc_column]<div class=\"true-image-box-2 tt_animate_none  QuhxBpPp\"><div class=\"true-img-wrap\"><\/div><div class=\"true-text-wrap\"><span class=\"icon-circ-wrap\"><i class=\"true-custom-icon fa \"><\/i><\/span><div class=\"callout-details-wrap\">\n<h2>O podjetju<\/h2>\n<p>SEFAS, dru\u017eba za trgovino, proizvodnjo in storitve, d.o.o. spada med mikro podjetja. Glavna registrirana dejavnost po SKD 2008 je 69.200, to so ra\u010dunovodske, knjigovodske in revizijske dejavnosti ter dav\u010dno svetovanje. V podjetju opravljamo ra\u010dunovodske storitve ter dav\u010dno in poslovno svetovanje (npr. pomo\u010d pri ustanovitvi podjetja, poslovni na\u010drti ipd.). Na trgu poslujemo \u017ee ve\u010d kot 20 let, s \u010dim smo strokovno znanje nadgradili s pomembnimi izku\u0161njami, s katerimi re\u0161ujemo probleme strank kakovostno in hitro. Podjetje kot tako je bilo preoblikovano iz s.p. v d.o.o. leta 2010, pred tem pa smo pod s.p. delovali od leta 1995.<\/p>\n<p><img decoding=\"async\" src=\"https:\/\/www.racunovodstvo-sefas.si\/wp-content\/uploads\/2019\/10\/Bonitetam-1.png\" alt=\"Boniteta\" \/><\/p>\n<\/div><\/div><\/div><div class=\"hr_gap\" style=\"height:25px;\"><\/div>[\/vc_column][\/vc_row][vc_row][vc_column width=&#8221;1\/3&#8243;]<div class=\"true-circle-loader iMryiPoD tt_animate_none \">\n      <div class=\"easyPieChart true-circle-number\" data-percent=\"100\" data-trackcolor=\"#e8e8e8\" data-barcolor=\"#54dd62\" data-linewidth=\"10\" data-linecap=\"square\">\n          <span class=\"true-circle-number-wrap\"><span class=\"true-circle-number\">100<\/span>%<\/span>\n          <canvas><\/canvas>\n      <\/div>\n      <div class=\"loader-details\">\n<h3>Strokovnost<\/h3>\n<p>Ra\u010dunovodje opravljajo delo strokovno z ve\u010d kot 20-letnimi izku\u0161njami.<\/p><\/div><\/div>[\/vc_column][vc_column width=&#8221;1\/3&#8243;]<div class=\"true-circle-loader pehGsRMo tt_animate_none \">\n      <div class=\"easyPieChart true-circle-number\" data-percent=\"100\" data-trackcolor=\"#e8e8e8\" data-barcolor=\"#6befad\" data-linewidth=\"10\" data-linecap=\"square\">\n          <span class=\"true-circle-number-wrap\"><span class=\"true-circle-number\">100<\/span>%<\/span>\n          <canvas><\/canvas>\n      <\/div>\n      <div class=\"loader-details\">\n<h3>Oseben pristop<\/h3>\n<p>Zagotavljamo vam oseben pristop in storitve prilagojene va\u0161im potrebam.<\/p><\/div><\/div>[\/vc_column][vc_column width=&#8221;1\/3&#8243;]<div class=\"true-circle-loader dXknXLyt tt_animate_none \">\n      <div class=\"easyPieChart true-circle-number\" data-percent=\"100\" data-trackcolor=\"#e8e8e8\" data-barcolor=\"#ecfc5f\" data-linewidth=\"10\" data-linecap=\"square\">\n          <span class=\"true-circle-number-wrap\"><span class=\"true-circle-number\">100<\/span>%<\/span>\n          <canvas><\/canvas>\n      <\/div>\n      <div class=\"loader-details\">\n<h3>Varnost<\/h3>\n<p>Delo opravljamo eti\u010dno odgovorno in moralno. Strokovno znanje zagotavlja usklajenost z aktualno zakonodajo.<\/p><\/div><\/div>[\/vc_column][\/vc_row][vc_row][vc_column width=&#8221;1\/2&#8243;]<div class=\"message_karma_royalblue colored_box tt_animate_none\" style=\"font-size:14px;\">\n<h4>Komunikacija<\/h4>\n<p>V na\u0161em ra\u010dunovodstvu se bomo potrudili po najbolj\u0161ih mo\u010deh, da komunikacijo in na\u010din dela prilagodimo va\u0161im potrebam. Na odnos do strank gledamo dolgoro\u010dno, gradimo ga na spo\u0161tovanju, u\u010dinkovitosti in uspe\u0161nem sodelovanju ter kakovostnim delom. Prizadevamo si vzpostavljati redno komunikacijo, vam svetovati in pomagati interpretirati ra\u010dunovodske rezultate, ker je va\u0161 uspeh predpogoj za na\u0161o rast.<\/div><br class=\"clear\" \/>[\/vc_column][vc_column width=&#8221;1\/2&#8243;]<div class=\"message_karma_royalblue colored_box tt_animate_none\" style=\"font-size:14px;\">\n<h4>Odgovornost<\/h4>\n<p>Na za\u010detku boste dodeljeni va\u0161emu osebnemu ra\u010dunovodji, ki bo skrbel za poslovne knjige, va\u0161e poslovanje in izvajal nadzor na poslovnimi procesi ter vam svetoval strokovno in odgovorno. Va\u0161 osebni ra\u010dunovodja bo odgovarjal na vsa va\u0161a vpra\u0161anja in vam pojasnjeval, na kaj morate biti pozorno, ko ustanovite novo podjetje, kak\u0161ne so va\u0161e obveznosti in mo\u017enosti \u010dim bolj u\u010dinkovitega upravljanja va\u0161ega podjetja.<\/div><br class=\"clear\" \/>[\/vc_column][\/vc_row]\n","protected":false},"excerpt":{"rendered":"<p>[vc_row][vc_column][\/vc_column][\/vc_row][vc_row][vc_column width=&#8221;1\/3&#8243;][\/vc_column][vc_column width=&#8221;1\/3&#8243;][\/vc_column][vc_column width=&#8221;1\/3&#8243;][\/vc_column][\/vc_row][vc_row][vc_column width=&#8221;1\/2&#8243;][\/vc_column][vc_column width=&#8221;1\/2&#8243;][\/vc_column][\/vc_row]<\/p>\n","protected":false},"author":1,"featured_media":0,"parent":0,"menu_order":0,"comment_status":"closed","ping_status":"closed","template":"","meta":{"_bbp_topic_count":0,"_bbp_reply_count":0,"_bbp_total_topic_count":0,"_bbp_total_reply_count":0,"_bbp_voice_count":0,"_bbp_anonymous_reply_count":0,"_bbp_topic_count_hidden":0,"_bbp_reply_count_hidden":0,"_bbp_forum_subforum_count":0,"footnotes":""},"class_list":["post-211","page","type-page","status-publish","hentry"],"aioseo_notices":[],"_links":{"self":[{"href":"https:\/\/www.racunovodstvo-sefas.si\/index.php?rest_route=\/wp\/v2\/pages\/211","targetHints":{"allow":["GET"]}}],"collection":[{"href":"https:\/\/www.racunovodstvo-sefas.si\/index.php?rest_route=\/wp\/v2\/pages"}],"about":[{"href":"https:\/\/www.racunovodstvo-sefas.si\/index.php?rest_route=\/wp\/v2\/types\/page"}],"author":[{"embeddable":true,"href":"https:\/\/www.racunovodstvo-sefas.si\/index.php?rest_route=\/wp\/v2\/users\/1"}],"replies":[{"embeddable":true,"href":"https:\/\/www.racunovodstvo-sefas.si\/index.php?rest_route=%2Fwp%2Fv2%2Fcomments&post=211"}],"version-history":[{"count":29,"href":"https:\/\/www.racunovodstvo-sefas.si\/index.php?rest_route=\/wp\/v2\/pages\/211\/revisions"}],"predecessor-version":[{"id":597,"href":"https:\/\/www.racunovodstvo-sefas.si\/index.php?rest_route=\/wp\/v2\/pages\/211\/revisions\/597"}],"wp:attachment":[{"href":"https:\/\/www.racunovodstvo-sefas.si\/index.php?rest_route=%2Fwp%2Fv2%2Fmedia&parent=211"}],"curies":[{"name":"wp","href":"https:\/\/api.w.org\/{rel}","templated":true}]}}