{"id":329,"date":"2016-12-16T12:04:26","date_gmt":"2016-12-16T11:04:26","guid":{"rendered":"http:\/\/www.racunovodstvo-sefas.si\/?page_id=329"},"modified":"2016-12-19T08:25:06","modified_gmt":"2016-12-19T07:25:06","slug":"davcno-svetovanje","status":"publish","type":"page","link":"https:\/\/www.racunovodstvo-sefas.si\/?page_id=329","title":{"rendered":"Dav\u010dno svetovanje"},"content":{"rendered":"[vc_row][vc_column]<div class=\"true-heading-wrap fCLtJkci tt_animate_none \"><h3>Dav\u010dno svetovanje<\/h3><p>Skrb za dav\u010dni vidik poslovanja je klju\u010dnega pomena, saj lahko s pravilnim pristopom znatno zmanj\u0161amo dav\u010dne obveznosti podjetja.<\/p><\/div>[\/vc_column][\/vc_row][vc_row][vc_column width=&#8221;1\/3&#8243;]<div class=\"true-features  DmepMuOd tt_in_from_left\"><i class=\"true-custom-icon fa fa fa-envira\"><\/i><div class=\"true-description\">\n<h3>Strategija<\/h3>\n<p>Pomagamo vam vzpostaviti na\u010drt, ki temelji na zmanj\u0161evanju dav\u010dne obveznosti in hkrati pripomore k pove\u010danju poslovanja podjetja in donosnosti.<\/p><\/div><\/div>[\/vc_column][vc_column width=&#8221;1\/3&#8243;]<div class=\"true-features  mOjTzUEW tt_in_from_center\"><i class=\"true-custom-icon fa fa fa-braille\"><\/i><div class=\"true-description\">\n<h3>Svetovanje<\/h3>\n<p>Dav\u010dna zakonodaja je kompleksna in dinami\u010dna, saj se neprestano spreminja. Zagotavljali vam bomo vedno aktualne informacije na podro\u010dju dav\u010dne zakonodaje, kar vam bo omogo\u010dilo pravo\u010dasno prilagoditev poslovanja brez stresnih situacij.<\/p><\/div><\/div>[\/vc_column][vc_column width=&#8221;1\/3&#8243;]<div class=\"true-features  PqaxEKDN tt_in_from_right\"><i class=\"true-custom-icon fa fa fa-envira\"><\/i><div class=\"true-description\">\n<h3>Prihodnost<\/h3>\n<p>Dav\u010dne re\u0161itve gradimo na osnovi vizije in strategije va\u0161ega podjetja. Prisotni smo na vsakem koraku pri komunikaciji\u00a0s Finan\u010dno upravo RS (dav\u010dni pregledi, obrazlo\u017eitve, dokumentacija). Zagotavljamo ustrezno in kvalitetno komunikacijo z zunanjimi dele\u017eniki, pri tem pa spo\u0161tujemo in varujemo zaupne podatke o poslovanju podjetja.<\/p><\/div><\/div>[\/vc_column][\/vc_row]\n","protected":false},"excerpt":{"rendered":"<p>[vc_row][vc_column][\/vc_column][\/vc_row][vc_row][vc_column width=&#8221;1\/3&#8243;][\/vc_column][vc_column width=&#8221;1\/3&#8243;][\/vc_column][vc_column width=&#8221;1\/3&#8243;][\/vc_column][\/vc_row]<\/p>\n","protected":false},"author":1,"featured_media":0,"parent":0,"menu_order":0,"comment_status":"closed","ping_status":"closed","template":"","meta":{"_bbp_topic_count":0,"_bbp_reply_count":0,"_bbp_total_topic_count":0,"_bbp_total_reply_count":0,"_bbp_voice_count":0,"_bbp_anonymous_reply_count":0,"_bbp_topic_count_hidden":0,"_bbp_reply_count_hidden":0,"_bbp_forum_subforum_count":0,"footnotes":""},"class_list":["post-329","page","type-page","status-publish","hentry"],"aioseo_notices":[],"_links":{"self":[{"href":"https:\/\/www.racunovodstvo-sefas.si\/index.php?rest_route=\/wp\/v2\/pages\/329","targetHints":{"allow":["GET"]}}],"collection":[{"href":"https:\/\/www.racunovodstvo-sefas.si\/index.php?rest_route=\/wp\/v2\/pages"}],"about":[{"href":"https:\/\/www.racunovodstvo-sefas.si\/index.php?rest_route=\/wp\/v2\/types\/page"}],"author":[{"embeddable":true,"href":"https:\/\/www.racunovodstvo-sefas.si\/index.php?rest_route=\/wp\/v2\/users\/1"}],"replies":[{"embeddable":true,"href":"https:\/\/www.racunovodstvo-sefas.si\/index.php?rest_route=%2Fwp%2Fv2%2Fcomments&post=329"}],"version-history":[{"count":8,"href":"https:\/\/www.racunovodstvo-sefas.si\/index.php?rest_route=\/wp\/v2\/pages\/329\/revisions"}],"predecessor-version":[{"id":389,"href":"https:\/\/www.racunovodstvo-sefas.si\/index.php?rest_route=\/wp\/v2\/pages\/329\/revisions\/389"}],"wp:attachment":[{"href":"https:\/\/www.racunovodstvo-sefas.si\/index.php?rest_route=%2Fwp%2Fv2%2Fmedia&parent=329"}],"curies":[{"name":"wp","href":"https:\/\/api.w.org\/{rel}","templated":true}]}}