{"id":39,"date":"2016-11-30T15:33:52","date_gmt":"2016-11-30T14:33:52","guid":{"rendered":"http:\/\/www.racunovodstvo-sefas.si\/?page_id=39"},"modified":"2022-10-04T14:47:19","modified_gmt":"2022-10-04T13:47:19","slug":"google-map","status":"publish","type":"page","link":"https:\/\/www.racunovodstvo-sefas.si\/?page_id=39","title":{"rendered":"Kontakt"},"content":{"rendered":"[vc_row][vc_column]<div class=\"true-icon-box tt_animate_none  TFhUIidG\"><span class=\"fa-stack fa-3x\"><i class=\"fa fa-circle fa-stack-2x\"><\/i><i class=\"fa fa fa-volume-control-phone fa-stack-1x fa-inverse\"><\/i><\/span>\n<h3>Dosegljivi smo na<\/h3>\n<p>Tel: 070 499 199<\/p>\n<p>E-po\u0161ta: svetlana@racunovodstvo-sefas.si<\/p><\/div><div class=\"true-icon-box tt_animate_none  BmtAWFAJ\"><span class=\"fa-stack fa-4x\"><i class=\"fa fa-circle fa-stack-2x\"><\/i><i class=\"fa fa-clock-o  fa-stack-1x fa-inverse\"><\/i><\/span>\n<h3>Delovni \u010das<\/h3>\n<p>Za vas smo dosegljivi vsak dan med 8. in 16. uro ali po predhodnem dogovoru o \u017eelenem \u010dasu.<\/p><\/div><div class=\"true-icon-box tt_animate_none  zYAsSSBl\"><span class=\"fa-stack fa-4x\"><i class=\"fa fa-circle fa-stack-2x\"><\/i><i class=\"fa fa-clock-o  fa-stack-1x fa-inverse\"><\/i><\/span>\n<h3>Osnovni podatki<\/h3>\n<p>SEFAS, d.o.o. , Spodnja Gorica 4A, 2327 Ra\u010de, ID-DDV: SI17276594<\/p><\/div>[\/vc_column][\/vc_row][vc_row][vc_column]<h5 class=\"heading-horizontal\" style=\"margin:30px 0 30px 0;\"><span>Kontaktni obrazec<\/span><\/h5>[\/vc_column][\/vc_row][vc_row][vc_column][vc_column_text]<p class=\"callout2\"><span>Imate vpra\u0161anja, \u017eelite informativni izra\u010dun ali samo kratek nasvet? Obi\u0161\u010dite nas na sede\u017eu podjetja ali izpolnite spodnji obrazec ter po\u0161ljite vpra\u0161anje.<\/span><\/p><br class=\"clear\" \/>\n<div class=\"wpforms-container wpforms-container-full\" id=\"wpforms-675\"><form id=\"wpforms-form-675\" class=\"wpforms-validate wpforms-form\" data-formid=\"675\" method=\"post\" enctype=\"multipart\/form-data\" action=\"\/index.php?rest_route=%2Fwp%2Fv2%2Fpages%2F39\" data-token=\"2c43530bb742b28b83fdcee892f63218\" data-token-time=\"1777041649\"><noscript class=\"wpforms-error-noscript\">Please enable JavaScript in your browser to complete this form.<\/noscript><div class=\"wpforms-field-container\"><div id=\"wpforms-675-field_0-container\" class=\"wpforms-field wpforms-field-name\" data-field-id=\"0\"><label class=\"wpforms-field-label\" for=\"wpforms-675-field_0\">Ime <span class=\"wpforms-required-label\">*<\/span><\/label><input type=\"text\" id=\"wpforms-675-field_0\" class=\"wpforms-field-medium wpforms-field-required\" name=\"wpforms[fields][0]\" required><\/div><div id=\"wpforms-675-field_1-container\" class=\"wpforms-field wpforms-field-email\" data-field-id=\"1\"><label class=\"wpforms-field-label\" for=\"wpforms-675-field_1\">Email <span class=\"wpforms-required-label\">*<\/span><\/label><input type=\"email\" id=\"wpforms-675-field_1\" class=\"wpforms-field-medium wpforms-field-required\" name=\"wpforms[fields][1]\" spellcheck=\"false\" required><\/div><div id=\"wpforms-675-field_2-container\" class=\"wpforms-field wpforms-field-textarea\" data-field-id=\"2\"><label class=\"wpforms-field-label\" for=\"wpforms-675-field_2\">Povpra\u0161evanje <span class=\"wpforms-required-label\">*<\/span><\/label><textarea id=\"wpforms-675-field_2\" class=\"wpforms-field-medium wpforms-field-required\" name=\"wpforms[fields][2]\" required><\/textarea><\/div><div id=\"wpforms-675-field_7-container\" class=\"wpforms-field wpforms-field-checkbox\" data-field-id=\"7\"><ul id=\"wpforms-675-field_7\" class=\"wpforms-field-required\"><li class=\"choice-1 depth-1\"><input type=\"checkbox\" id=\"wpforms-675-field_7_1\" name=\"wpforms[fields][7][]\" value=\"Z uporabo tega obrazca in va\u0161ih osebnih podatkov (ime, priimek, email) dovoljujete uporabo le-teh za pripravo ponudbe oz. za komuniciranje.\" required ><label class=\"wpforms-field-label-inline\" for=\"wpforms-675-field_7_1\">Z uporabo tega obrazca in va\u0161ih osebnih podatkov (ime, priimek, email) dovoljujete uporabo le-teh za pripravo ponudbe oz. za komuniciranje.<\/label><\/li><\/ul><\/div><\/div><!-- .wpforms-field-container --><div class=\"wpforms-recaptcha-container wpforms-is-recaptcha wpforms-is-recaptcha-type-v3\" ><input type=\"hidden\" name=\"wpforms[recaptcha]\" value=\"\"><\/div><div class=\"wpforms-submit-container\" ><input type=\"hidden\" name=\"wpforms[id]\" value=\"675\"><input type=\"hidden\" name=\"page_title\" value=\"\"><input type=\"hidden\" name=\"page_url\" value=\"https:\/\/www.racunovodstvo-sefas.si\/index.php?rest_route=%2Fwp%2Fv2%2Fpages%2F39\"><button type=\"submit\" name=\"wpforms[submit]\" id=\"wpforms-submit-675\" class=\"wpforms-submit\" data-alt-text=\"Po\u0161iljanje...\" data-submit-text=\"Po\u0161lji\" aria-live=\"assertive\" value=\"wpforms-submit\">Po\u0161lji<\/button><\/div><\/form><\/div>  <!-- .wpforms-container -->[\/vc_column_text][\/vc_column][\/vc_row][vc_row][vc_column][vc_column_text]\n<h3>Kontaktirajte nas:<\/h3>\n[\/vc_column_text][\/vc_column][\/vc_row][vc_row][vc_column]<ul class=\"true-business-contact tt_animate_none\"><li><a href=\"tel:\/\/070 499 199\" class=\"true-biz-phone\">070 499 199<\/a><\/li><li><a href=\"mailto:svetlana@racunovodstvo-sefas.si\" class=\"true-biz-email\">svetlana@racunovodstvo-sefas.si<\/a><\/li><li><a href=\"https:\/\/goo.gl\/maps\/R3X5d7bCo8K2\" class=\"true-biz-directions\" target=\"_blank\">Navodila za pot<\/a><\/li><\/ul>[\/vc_column][\/vc_row]\n","protected":false},"excerpt":{"rendered":"<p>[vc_row][vc_column][\/vc_column][\/vc_row][vc_row][vc_column][\/vc_column][\/vc_row][vc_row][vc_column][vc_column_text]<br \/>\n[\/vc_column_text][\/vc_column][\/vc_row][vc_row][vc_column][vc_column_text]<br \/>\nKontaktirajte nas:<br \/>\n[\/vc_column_text][\/vc_column][\/vc_row][vc_row][vc_column][\/vc_column][\/vc_row]<\/p>\n","protected":false},"author":1,"featured_media":0,"parent":0,"menu_order":0,"comment_status":"closed","ping_status":"closed","template":"template_contact_googlemap.php","meta":{"_bbp_topic_count":0,"_bbp_reply_count":0,"_bbp_total_topic_count":0,"_bbp_total_reply_count":0,"_bbp_voice_count":0,"_bbp_anonymous_reply_count":0,"_bbp_topic_count_hidden":0,"_bbp_reply_count_hidden":0,"_bbp_forum_subforum_count":0,"footnotes":""},"class_list":["post-39","page","type-page","status-publish","hentry"],"aioseo_notices":[],"_links":{"self":[{"href":"https:\/\/www.racunovodstvo-sefas.si\/index.php?rest_route=\/wp\/v2\/pages\/39","targetHints":{"allow":["GET"]}}],"collection":[{"href":"https:\/\/www.racunovodstvo-sefas.si\/index.php?rest_route=\/wp\/v2\/pages"}],"about":[{"href":"https:\/\/www.racunovodstvo-sefas.si\/index.php?rest_route=\/wp\/v2\/types\/page"}],"author":[{"embeddable":true,"href":"https:\/\/www.racunovodstvo-sefas.si\/index.php?rest_route=\/wp\/v2\/users\/1"}],"replies":[{"embeddable":true,"href":"https:\/\/www.racunovodstvo-sefas.si\/index.php?rest_route=%2Fwp%2Fv2%2Fcomments&post=39"}],"version-history":[{"count":37,"href":"https:\/\/www.racunovodstvo-sefas.si\/index.php?rest_route=\/wp\/v2\/pages\/39\/revisions"}],"predecessor-version":[{"id":688,"href":"https:\/\/www.racunovodstvo-sefas.si\/index.php?rest_route=\/wp\/v2\/pages\/39\/revisions\/688"}],"wp:attachment":[{"href":"https:\/\/www.racunovodstvo-sefas.si\/index.php?rest_route=%2Fwp%2Fv2%2Fmedia&parent=39"}],"curies":[{"name":"wp","href":"https:\/\/api.w.org\/{rel}","templated":true}]}}