{"id":462,"date":"2017-07-11T12:36:32","date_gmt":"2017-07-11T11:36:32","guid":{"rendered":"http:\/\/www.racunovodstvo-sefas.si\/?page_id=462"},"modified":"2022-10-04T14:32:53","modified_gmt":"2022-10-04T13:32:53","slug":"cenik","status":"publish","type":"page","link":"https:\/\/www.racunovodstvo-sefas.si\/?page_id=462","title":{"rendered":"Cenik"},"content":{"rendered":"[vc_row][vc_column][vc_column_text][\/vc_column_text][\/vc_column][\/vc_row][vc_row][vc_column][vc_column_text]\n<h5>Informacijska podpora vrhunskih ra\u010dunovodskih programov omogo\u010da, da je poslovanje v najve\u010dji meri u\u010dinkovito, zato lahko strankam ponudimo najugodnej\u0161o ceno. Informativne cene so informativne narave in prikazane spodaj. Dolgoletne izku\u0161nje v poslu ra\u010dunovodstva omogo\u010dajo racionalizirano poslovanje, s \u010dimer lahko dodatno zni\u017eamo cene.<\/h5>\n<h5>Pri morebitni spremembi poslovanja, pove\u010danem obsegu dela se cena lahko sprejemni po dogovoru in za naprej brez pora\u010dunov za nazaj. Tako boste vedno seznanjeni, kak\u0161en bo stro\u0161ek va\u0161ega ra\u010dunovodstva.<\/h5>\n[\/vc_column_text][\/vc_column][\/vc_row][vc_row][vc_column width=&#8221;1\/3&#8243;]<div class=\"true-pricing-column tt_animate_none true-pricing-style-1 \"><div class=\"true-pricing-top true-cb-title-limegreen\">\n\t<p class=\"true-pricing-plan\">Manj\u0161i s.p.<\/p>\n\t<p class=\"true-pricing-price\"><sup>od<\/sup>50 \u20ac<\/p>\n\t<p class=\"true-pricing-term\">mesec<\/p>\n\t<\/div>\n<ul>\n<li><strong>nezavezanec za DDV<\/strong><\/li>\n<li><strong>120 izdanih in prejetih ra\u010dunov na leto<\/strong><\/li>\n<\/ul>\n<hr \/>\n\t<a href=\"http:\/\/www.racunovodstvo-sefas.si\/?page_id=39\" class=\"small_button small_limegreen ka_button\" target=\"\" title=\"\">Preveri<\/a><\/div>[\/vc_column][vc_column width=&#8221;1\/3&#8243;]<div class=\"true-pricing-column tt_animate_none true-pricing-style-1 \"><div class=\"true-pricing-top true-cb-title-orange\">\n\t<p class=\"true-pricing-plan\">Manj\u0161a podjetja<\/p>\n\t<p class=\"true-pricing-price\"><sup>od<\/sup>65 \u20ac<\/p>\n\t<p class=\"true-pricing-term\">mesec<\/p>\n\t<\/div>\n<ul>\n<li><strong>zavezanec za DDV<\/strong><\/li>\n<li><strong>120 izdanih in prejetih ra\u010dunov na leto<\/strong><\/li>\n<\/ul>\n<hr \/>\n\t<a href=\"http:\/\/www.racunovodstvo-sefas.si\/?page_id=39\" class=\"small_button small_orange ka_button\" target=\"\" title=\"\">Preveri<\/a><\/div>[\/vc_column][vc_column width=&#8221;1\/3&#8243;]<div class=\"true-pricing-column tt_animate_none true-pricing-style-1 \"><div class=\"true-pricing-top true-cb-title-politicalblue\">\n\t<p class=\"true-pricing-plan\">Mala podjetja<\/p>\n\t<p class=\"true-pricing-price\"><sup>od<\/sup>150 \u20ac<\/p>\n\t<p class=\"true-pricing-term\">mesec<\/p>\n\t<\/div>\n<ul>\n<li><strong>zavezanec za DDV<\/strong><\/li>\n<li><strong>ve\u010d zaposlenih <\/strong><\/li>\n<\/ul>\n<hr \/>\n\t<a href=\"http:\/\/www.racunovodstvo-sefas.si\/?page_id=39\" class=\"small_button small_politicalblue ka_button\" target=\"\" title=\"\">Preveri<\/a><\/div>[\/vc_column][\/vc_row][vc_row][vc_column]<div class=\"hr_gap\" style=\"height:20px;\"><\/div>[\/vc_column][\/vc_row][vc_row][vc_column]<div class=\"callout-wrap tt_animate_none \"><span>Za ve\u010dja in velika podjetja vam pripravimo ugodno ponudbo. Preverite sedaj !<\/span><\/div><!-- END callout-wrap --><br class=\"clear\" \/>\n[\/vc_column][\/vc_row][vc_row][vc_column][vc_column_text]\n<h5>Vse aktivnosti za prenos ra\u010dunovodstva prevzamemo mi! Odlo\u010dite se lahko:<\/h5>\n<ul>\n<li>\n<h5>za celotno ra\u010dunovodstvo, tudi na terenu ali na daljavo (ugodna cena po dogovoru),<\/h5>\n<\/li>\n<li>\n<h5>delno ra\u010dunovodstvo, kjer podjetje samo vodi knjige, kot zunanje ra\u010dunovodstvo pa nudimo svetovanje, nadzor, komunikacijo z zunanjimi organi (ugodna cena po dogovoru),<\/h5>\n<\/li>\n<li>\n<h5>priprava razli\u010dne dokumentacije \u2013 pla\u010dilne liste, pogodbe (ugodna cena po dogovoru).<\/h5>\n<\/li>\n<\/ul>\n<h5>\u010ce se odlo\u010dite za prenos ra\u010dunovodstva k ra\u010dunovodskemu servisu Sefas, d.o.o.,vse aktivnosti prevzamemo mi brezpla\u010dno. Za prenos se lahko odlo\u010dite kadarkoli v letu. Pri tem poskrbimo, da ne nastane zmeda pri prenosu podatkov, saj vso dokumentacijo skrbno pregledamo in poskrbimo za odgovorno ravnanje in pripravo zaklju\u010dnega obra\u010duna. Torej za vse poskrbi na\u0161 ra\u010dunovodski servis!<\/h5>\n[\/vc_column_text][\/vc_column][\/vc_row]\n","protected":false},"excerpt":{"rendered":"<p>[vc_row][vc_column][vc_column_text][\/vc_column_text][\/vc_column][\/vc_row][vc_row][vc_column][vc_column_text]<br \/>\nInformacijska podpora vrhunskih ra\u010dunovodskih programov omogo\u010da, da je poslovanje v najve\u010dji meri u\u010dinkovito, zato lahko strankam ponudimo najugodnej\u0161o ceno. Informativne cene so informativne narave in prikazane spodaj. Dolgoletne izku\u0161nje v poslu ra\u010dunovodstva omogo\u010dajo racionalizirano poslovanje, s \u010dimer lahko dodatno zni\u017eamo cene.<br \/>\nPri morebitni spremembi poslovanja, pove\u010danem obsegu dela se cena lahko sprejemni po dogovoru in za naprej brez pora\u010dunov za nazaj. Tako boste vedno seznanjeni, kak\u0161en bo stro\u0161ek va\u0161ega ra\u010dunovodstva.<br \/>\n[\/vc_column_text][\/vc_column][\/vc_row][vc_row][vc_column width=&#8221;1\/3&#8243;][\/vc_column][vc_column width=&#8221;1\/3&#8243;][\/vc_column][vc_column width=&#8221;1\/3&#8243;][\/vc_column][\/vc_row][vc_row][vc_column][\/vc_column][\/vc_row][vc_row][vc_column][\/vc_column][\/vc_row][vc_row][vc_column][vc_column_text]<br \/>\nVse aktivnosti za prenos ra\u010dunovodstva &#8230;<\/p>\n","protected":false},"author":1,"featured_media":0,"parent":0,"menu_order":0,"comment_status":"closed","ping_status":"closed","template":"","meta":{"_bbp_topic_count":0,"_bbp_reply_count":0,"_bbp_total_topic_count":0,"_bbp_total_reply_count":0,"_bbp_voice_count":0,"_bbp_anonymous_reply_count":0,"_bbp_topic_count_hidden":0,"_bbp_reply_count_hidden":0,"_bbp_forum_subforum_count":0,"footnotes":""},"class_list":["post-462","page","type-page","status-publish","hentry"],"aioseo_notices":[],"_links":{"self":[{"href":"https:\/\/www.racunovodstvo-sefas.si\/index.php?rest_route=\/wp\/v2\/pages\/462","targetHints":{"allow":["GET"]}}],"collection":[{"href":"https:\/\/www.racunovodstvo-sefas.si\/index.php?rest_route=\/wp\/v2\/pages"}],"about":[{"href":"https:\/\/www.racunovodstvo-sefas.si\/index.php?rest_route=\/wp\/v2\/types\/page"}],"author":[{"embeddable":true,"href":"https:\/\/www.racunovodstvo-sefas.si\/index.php?rest_route=\/wp\/v2\/users\/1"}],"replies":[{"embeddable":true,"href":"https:\/\/www.racunovodstvo-sefas.si\/index.php?rest_route=%2Fwp%2Fv2%2Fcomments&post=462"}],"version-history":[{"count":37,"href":"https:\/\/www.racunovodstvo-sefas.si\/index.php?rest_route=\/wp\/v2\/pages\/462\/revisions"}],"predecessor-version":[{"id":683,"href":"https:\/\/www.racunovodstvo-sefas.si\/index.php?rest_route=\/wp\/v2\/pages\/462\/revisions\/683"}],"wp:attachment":[{"href":"https:\/\/www.racunovodstvo-sefas.si\/index.php?rest_route=%2Fwp%2Fv2%2Fmedia&parent=462"}],"curies":[{"name":"wp","href":"https:\/\/api.w.org\/{rel}","templated":true}]}}