{"id":521,"date":"2018-05-21T12:00:22","date_gmt":"2018-05-21T11:00:22","guid":{"rendered":"http:\/\/www.racunovodstvo-sefas.si\/?page_id=521"},"modified":"2018-05-22T11:49:46","modified_gmt":"2018-05-22T10:49:46","slug":"politika-zasebnosti","status":"publish","type":"page","link":"https:\/\/www.racunovodstvo-sefas.si\/?page_id=521","title":{"rendered":"Politika zasebnosti"},"content":{"rendered":"<h1>Izjava o zasebnosti<\/h1>\n<div class=\"bag-legal-cosy\">\n<p>To spletno mesto (v nadaljevanju: \u00bb<strong>spletno mesto<\/strong>\u00ab) zagotavlja Sefas, d.o.o. (v nadaljevanju \u00bb<strong><em>mi<\/em><\/strong>\u00ab ali \u00bb<strong><em>nas<\/em><\/strong>\u00ab). Za dodatne informacije o ponudniku spletnega mesta si oglejte na\u0161e <a href=\"http:\/\/www.racunovodstvo-sefas.si\/?page_id=39\">podatke o podjetju<\/a>.<\/p>\n<h2 id=\"obdelava-osebnih-podatkov\">Obdelava osebnih podatkov<\/h2>\n<p>V nadaljevanju vam \u017eelimo predstaviti informacije o tem, kako poteka obdelava va\u0161ih osebnih podatkov, ko uporabljate na\u0161e spletno mesto. \u010ce v naslednjih poglavjih ni navedeno druga\u010de, pravna podlaga za obdelavo va\u0161ih osebnih podatkov izhaja iz dejstva, da je tak\u0161na obdelava nepogre\u0161ljiva za dostop do funkcij spletnega mesta, ki ga zahtevate (to\u010dka b prvega odstavka 6. \u010dlena Splo\u0161ne uredbe o varstvu podatkov).<\/p>\n<h2>Uporaba na\u0161ega spletnega mesta<\/h2>\n<h3>Dostop do na\u0161ega spletnega mesta<\/h3>\n<p>Ko dostopate do na\u0161ega spletnega mesta, va\u0161 brskalnik prenese nekatere podatke na na\u0161 spletni stre\u017enik. Razlogi za ta prenos so tehni\u010dne narave, obenem pa je nujen za to, da lahko dostopate do \u017eelenih informacij.<\/p>\n<p>Poleg tega bomo za za\u0161\u010dito svojih legitimnih interesov te podatke shranili za omejeno \u010dasovno obdobje, kar nam bo omogo\u010dilo, da bomo spro\u017eili sledenje osebnih podatkov v primeru poskusa nepoobla\u0161\u010denega dostopa do na\u0161ih stre\u017enikov (to\u010dka f prvega odstavka 6. \u010dlena Splo\u0161ne uredbe o varstvu podatkov).<\/p>\n<h2 id=\"nastavitve-pikotkov\">Nastavitve pi\u0161kotkov<\/h2>\n<p><strong>Kaj so pi\u0161kotki?<\/strong><\/p>\n<p>To spletno mesto uporablja tako imenovane \u00bbpi\u0161kotke\u00ab. Pi\u0161kotki so majhne besedilne datoteke, ki se prek va\u0161ega brskalnika shranijo v pomnilnik va\u0161ega terminala. Pri tem shranjujejo dolo\u010dene informacije (na primer izbrani jezik ali nastavitve mesta), ki nam jih lahko va\u0161 brskalnik (odvisno od \u017eivljenjske dobe pi\u0161kotka) po\u0161lje ob va\u0161em naslednjem obisku na\u0161ega spletnega mesta.<\/p>\n<p><a name=\"cookies-table\"><\/a><strong>Katere pi\u0161kotke uporabljamo?<\/strong><\/p>\n<p>Uporabljamo samo striktno potrebne pi\u0161kotke &#8211; funkcionalne pi\u0161kotke: funkcionalni pi\u0161kotki so tisti, brez katerih bi bila funkcionalnost na\u0161ega spletnega mesta okrnjena. Naslednji\u00a0seznam vsebuje pi\u0161kotke, ki jih uporabljamo:<\/p>\n<h3>Funkcionalni pi\u0161kotki<\/h3>\n<p>gdpr[consent_types] &#8211; Pi\u0161kotek omogo\u010da skladnost z Uredbo GDPR. Trajanje pi\u0161kotka: 364 dni.<\/p>\n<p>gdpr[allowed_cookies] &#8211; Pi\u0161kotek omogo\u010da skladnost z Uredbo GDPR. Trajanje pi\u0161kotka: 364 dni.<\/p>\n<p>gdpr%5Bprivacy_bar%5D &#8211; Pi\u0161kotek omogo\u010da skladnost z Uredbo GDPR. Trajanje pi\u0161kotka: 364 dni.<\/p>\n<p>PHPSESSID &#8211; Pi\u0161kotek omogo\u010da shranjevanje sej med posameznimi zahtevami znotraj sistema za upravljanje z vsebinami. Trajanje pi\u0161kotka: seja.<\/p>\n<p><strong>Skladno z va\u0161im soglasjem<\/strong><\/p>\n<\/div>\n<p>Ob va\u0161em prvem obisku na\u0161ega spletnega mesta se bo pojavila pro\u0161nja za soglasje za namestitev izbirnih pi\u0161kotkov. \u010ce boste podali soglasje, bomo na va\u0161 ra\u010dunalnik namestili pi\u0161kotek, pro\u0161nja pa se nato ne bo ve\u010d pojavila vse dokler bo name\u0161\u010deni pi\u0161kotek aktiven. Po izteku \u017eivljenjske dobe pi\u0161kotka ali \u010de boste sami izbrisali pi\u0161kotek, se bo pro\u0161nja za soglasje ponovno pojavila ob va\u0161em naslednjem obisku na\u0161ega spletnega mesta.<\/p>\n<p><strong>Kako lahko prepre\u010dite namestitev pi\u0161kotkov<\/strong><\/p>\n<p>Seveda lahko na\u0161e spletno mesto uporabljate tudi, \u010de ne namestite pi\u0161kotkov. V svojem brskalniku lahko kadar koli nastavite ali popolnoma onemogo\u010dite uporabo pi\u0161kotkov. Vendar lahko to omeji funkcije ali negativno vpliva na uporabni\u0161ko prijaznost spletnega mesta.<\/p>\n<h2 id=\"uporaba-obrazcev-za-stik\">Uporaba obrazcev za stik<\/h2>\n<p>Z nami lahko stopite v stik neposredno prek obrazcev, ki so na voljo na na\u0161i spletni strani. \u0160e posebej vas prosimo, da nam posredujete naslednje informacije:<\/p>\n<table border=\"0\" cellspacing=\"0\" cellpadding=\"0\">\n<tbody>\n<tr>\n<td>\n<ul>\n<li>elektronski naslov<\/li>\n<li>ime in priimek<\/li>\n<\/ul>\n<\/td>\n<td valign=\"top\"><\/td>\n<\/tr>\n<\/tbody>\n<\/table>\n<p>Informacije, ki nam jih boste posredovali prek obrazca za stik, bomo zbirali in obdelali izklju\u010dno v povezavi z obravnavo va\u0161e zahteve.<\/p>\n<h2 id=\"zunanje-storitve-ali-vsebine-na-naem-spletnem-mestu\">Zunanje storitve ali vsebine na na\u0161em spletnem mestu<\/h2>\n<p>Na svojem spletnem mestu NE uporabljamo storitve in\/ali vsebine tretjih ose.<\/p>\n<h2 id=\"informacije-v-povezavi-z-vaimi-pravicami\">Informacije v povezavi z va\u0161imi pravicami<\/h2>\n<p>Skladno z veljavno zakonodajo o varstvu podatkov so vam na splo\u0161no zagotovljene naslednje pravice:<\/p>\n<ul>\n<li>Pravica do informacij v povezavi z va\u0161imi osebnimi podatki, ki jih shranjujemo.<\/li>\n<li>Pravica do zahtevka za popravek, izbris ali omejeno obdelavo va\u0161ih osebnih podatkov.<\/li>\n<li>Pravica do ugovora zoper obdelavo podatkov za na\u0161 legitimen interes, javni interes ali tr\u017ene raziskave, razen \u010de doka\u017eemo, da obstajajo nujni, upravi\u010deni razlogi, ki prevladajo nad va\u0161imi interesi, pravicami in svobo\u0161\u010dinami, ali \u010de je tovrstna obdelava podatkov potrebna za uveljavljanje, izvajanje ali obrambo pravnih zahtevkov.<\/li>\n<li>Pravica do prenosljivosti podatkov.<\/li>\n<li>Pravica do vlo\u017eitve prito\u017ebe pri nadzornem organu za varstvo podatkov.<\/li>\n<li>Soglasje za zbiranje, obdelavo in uporabo svojih osebnih podatkov lahko kadar koli umaknete z u\u010dinkom od umika dalje. Ve\u010d informacij najdete v zgornjem poglavju, ki opisuje obdelavo podatkov na podlagi va\u0161ega soglasja.<\/li>\n<\/ul>\n<p>\u010ce \u017eelite uveljavljati svoje pravice, prosimo naslovite svojo zahtevo na marjan@racunovodstvo-sefas.<\/p>\n<h2 id=\"stik\">Stik<\/h2>\n<p>Za morebitna vpra\u0161anja v zvezi z za\u0161\u010dito podatkov prosimo uporabite <strong><a href=\"http:\/\/www.racunovodstvo-sefas.si\/?page_id=39\">obrazec za stik<\/a><\/strong>.<\/p>\n<h2 id=\"sprememba-izjave-o-zasebnosti\">Sprememba izjave o zasebnosti<\/h2>\n<p>Izjavo o zasebnosti lahko ob\u010dasno posodobimo. Posodobitve izjave o zasebnosti bodo objavljene na na\u0161em spletnem mestu. Vse spremembe za\u010dnejo veljati z dnem objave na na\u0161em spletnem mestu, zato priporo\u010damo, da ga redno obiskujete, da bi se seznanili z morebitnimi posodobitvami.<\/p>\n<p>&nbsp;<\/p>\n","protected":false},"excerpt":{"rendered":"<p>Izjava o zasebnosti<\/p>\n<p>To spletno mesto (v nadaljevanju: \u00bbspletno mesto\u00ab) zagotavlja Sefas, d.o.o. (v nadaljevanju \u00bbmi\u00ab ali \u00bbnas\u00ab). Za dodatne informacije o ponudniku spletnega mesta si oglejte na\u0161e podatke o podjetju.<br \/>\nObdelava osebnih podatkov<br \/>\nV nadaljevanju vam \u017eelimo predstaviti informacije o tem, kako poteka obdelava va\u0161ih osebnih podatkov, ko uporabljate na\u0161e spletno mesto. \u010ce v naslednjih poglavjih ni navedeno druga\u010de, pravna podlaga za obdelavo va\u0161ih osebnih podatkov izhaja iz dejstva, da je tak\u0161na obdelava nepogre\u0161ljiva za dostop do funkcij &#8230;<\/p>\n","protected":false},"author":1,"featured_media":0,"parent":0,"menu_order":0,"comment_status":"closed","ping_status":"closed","template":"","meta":{"_bbp_topic_count":0,"_bbp_reply_count":0,"_bbp_total_topic_count":0,"_bbp_total_reply_count":0,"_bbp_voice_count":0,"_bbp_anonymous_reply_count":0,"_bbp_topic_count_hidden":0,"_bbp_reply_count_hidden":0,"_bbp_forum_subforum_count":0,"footnotes":""},"class_list":["post-521","page","type-page","status-publish","hentry"],"aioseo_notices":[],"_links":{"self":[{"href":"https:\/\/www.racunovodstvo-sefas.si\/index.php?rest_route=\/wp\/v2\/pages\/521","targetHints":{"allow":["GET"]}}],"collection":[{"href":"https:\/\/www.racunovodstvo-sefas.si\/index.php?rest_route=\/wp\/v2\/pages"}],"about":[{"href":"https:\/\/www.racunovodstvo-sefas.si\/index.php?rest_route=\/wp\/v2\/types\/page"}],"author":[{"embeddable":true,"href":"https:\/\/www.racunovodstvo-sefas.si\/index.php?rest_route=\/wp\/v2\/users\/1"}],"replies":[{"embeddable":true,"href":"https:\/\/www.racunovodstvo-sefas.si\/index.php?rest_route=%2Fwp%2Fv2%2Fcomments&post=521"}],"version-history":[{"count":10,"href":"https:\/\/www.racunovodstvo-sefas.si\/index.php?rest_route=\/wp\/v2\/pages\/521\/revisions"}],"predecessor-version":[{"id":532,"href":"https:\/\/www.racunovodstvo-sefas.si\/index.php?rest_route=\/wp\/v2\/pages\/521\/revisions\/532"}],"wp:attachment":[{"href":"https:\/\/www.racunovodstvo-sefas.si\/index.php?rest_route=%2Fwp%2Fv2%2Fmedia&parent=521"}],"curies":[{"name":"wp","href":"https:\/\/api.w.org\/{rel}","templated":true}]}}